{"id":27,"date":"2023-09-18T20:52:25","date_gmt":"2023-09-18T18:52:25","guid":{"rendered":"http:\/\/spostrowki.gminawohyn.pl\/?page_id=27"},"modified":"2023-09-19T18:13:12","modified_gmt":"2023-09-19T16:13:12","slug":"elementor-27","status":"publish","type":"page","link":"https:\/\/spostrowki.gminawohyn.pl\/?page_id=27","title":{"rendered":"Witajcie w naszej szkole"},"content":{"rendered":"\t\t<div data-elementor-type=\"wp-post\" data-elementor-id=\"27\" class=\"elementor elementor-27\">\n\t\t\t\t\t\t<section class=\"elementor-section elementor-top-section elementor-element elementor-element-e3920f6 elementor-section-full_width elementor-section-height-default elementor-section-height-default\" data-id=\"e3920f6\" data-element_type=\"section\" data-settings=\"{&quot;background_background&quot;:&quot;gradient&quot;}\">\n\t\t\t\t\t\t\t<div class=\"elementor-background-overlay\"><\/div>\n\t\t\t\t\t\t\t<div class=\"elementor-container elementor-column-gap-narrow\">\n\t\t\t\t\t<div class=\"elementor-column elementor-col-100 elementor-top-column elementor-element elementor-element-9deab07\" data-id=\"9deab07\" data-element_type=\"column\">\n\t\t\t<div class=\"elementor-widget-wrap elementor-element-populated\">\n\t\t\t\t\t\t<div class=\"elementor-element elementor-element-9fcb8bc elementor-widget elementor-widget-image\" data-id=\"9fcb8bc\" data-element_type=\"widget\" data-widget_type=\"image.default\">\n\t\t\t\t<div class=\"elementor-widget-container\">\n\t\t\t<style>\/*! elementor - v3.20.0 - 26-03-2024 *\/\n.elementor-widget-image{text-align:center}.elementor-widget-image a{display:inline-block}.elementor-widget-image a img[src$=\".svg\"]{width:48px}.elementor-widget-image img{vertical-align:middle;display:inline-block}<\/style>\t\t\t\t\t\t\t\t\t\t<img fetchpriority=\"high\" decoding=\"async\" width=\"667\" height=\"284\" src=\"https:\/\/spostrowki.gminawohyn.pl\/wp-content\/uploads\/2023\/09\/Ostrowki.jpg\" class=\"attachment-large size-large wp-image-1628\" alt=\"\" srcset=\"https:\/\/spostrowki.gminawohyn.pl\/wp-content\/uploads\/2023\/09\/Ostrowki.jpg 667w, https:\/\/spostrowki.gminawohyn.pl\/wp-content\/uploads\/2023\/09\/Ostrowki-300x128.jpg 300w\" sizes=\"(max-width: 667px) 100vw, 667px\" \/>\t\t\t\t\t\t\t\t\t\t\t\t\t<\/div>\n\t\t\t\t<\/div>\n\t\t\t\t\t<\/div>\n\t\t<\/div>\n\t\t\t\t\t<\/div>\n\t\t<\/section>\n\t\t\t\t<section class=\"elementor-section elementor-top-section elementor-element elementor-element-6b224b2 elementor-section-boxed elementor-section-height-default elementor-section-height-default\" data-id=\"6b224b2\" data-element_type=\"section\">\n\t\t\t\t\t\t<div class=\"elementor-container elementor-column-gap-default\">\n\t\t\t\t\t<div class=\"elementor-column elementor-col-100 elementor-top-column elementor-element elementor-element-b96fd9a\" data-id=\"b96fd9a\" data-element_type=\"column\">\n\t\t\t<div class=\"elementor-widget-wrap elementor-element-populated\">\n\t\t\t\t\t\t<div class=\"elementor-element elementor-element-a6a2b66 elementor-widget elementor-widget-google_maps\" data-id=\"a6a2b66\" data-element_type=\"widget\" data-widget_type=\"google_maps.default\">\n\t\t\t\t<div class=\"elementor-widget-container\">\n\t\t\t<style>\/*! elementor - v3.20.0 - 26-03-2024 *\/\n.elementor-widget-google_maps .elementor-widget-container{overflow:hidden}.elementor-widget-google_maps .elementor-custom-embed{line-height:0}.elementor-widget-google_maps iframe{height:300px}<\/style>\t\t<div class=\"elementor-custom-embed\">\n\t\t\t<iframe loading=\"lazy\"\n\t\t\t\t\tsrc=\"https:\/\/maps.google.com\/maps?q=Ostr%C3%B3wki%2066b&#038;t=m&#038;z=10&#038;output=embed&#038;iwloc=near\"\n\t\t\t\t\ttitle=\"Ostr\u00f3wki 66b\"\n\t\t\t\t\taria-label=\"Ostr\u00f3wki 66b\"\n\t\t\t><\/iframe>\n\t\t<\/div>\n\t\t\t\t<\/div>\n\t\t\t\t<\/div>\n\t\t\t\t\t<\/div>\n\t\t<\/div>\n\t\t\t\t\t<\/div>\n\t\t<\/section>\n\t\t\t\t<\/div>\n\t\t","protected":false},"excerpt":{"rendered":"","protected":false},"author":2,"featured_media":0,"parent":0,"menu_order":0,"comment_status":"closed","ping_status":"closed","template":"","meta":{"footnotes":""},"class_list":["post-27","page","type-page","status-publish","hentry"],"yoast_head":"<!-- This site is optimized with the Yoast SEO plugin v22.3 - https:\/\/yoast.com\/wordpress\/plugins\/seo\/ -->\n<title>Witajcie w naszej szkole - Szko\u0142a Podstawowa w Ostr\u00f3wkach<\/title>\n<meta name=\"robots\" content=\"index, follow, max-snippet:-1, max-image-preview:large, max-video-preview:-1\" \/>\n<link rel=\"canonical\" href=\"https:\/\/spostrowki.gminawohyn.pl\/?page_id=27\" \/>\n<meta property=\"og:locale\" content=\"pl_PL\" \/>\n<meta property=\"og:type\" content=\"article\" \/>\n<meta property=\"og:title\" content=\"Witajcie w naszej szkole - Szko\u0142a Podstawowa w Ostr\u00f3wkach\" \/>\n<meta property=\"og:url\" content=\"https:\/\/spostrowki.gminawohyn.pl\/?page_id=27\" \/>\n<meta property=\"og:site_name\" content=\"Szko\u0142a Podstawowa w Ostr\u00f3wkach\" \/>\n<meta property=\"article:modified_time\" content=\"2023-09-19T16:13:12+00:00\" \/>\n<meta property=\"og:image\" content=\"https:\/\/spostrowki.gminawohyn.pl\/wp-content\/uploads\/2023\/09\/Ostrowki.jpg\" \/>\n<meta name=\"twitter:card\" content=\"summary_large_image\" \/>\n<script type=\"application\/ld+json\" class=\"yoast-schema-graph\">{\"@context\":\"https:\/\/schema.org\",\"@graph\":[{\"@type\":\"WebPage\",\"@id\":\"https:\/\/spostrowki.gminawohyn.pl\/?page_id=27\",\"url\":\"https:\/\/spostrowki.gminawohyn.pl\/?page_id=27\",\"name\":\"Witajcie w naszej szkole - Szko\u0142a Podstawowa w Ostr\u00f3wkach\",\"isPartOf\":{\"@id\":\"https:\/\/spostrowki.gminawohyn.pl\/#website\"},\"primaryImageOfPage\":{\"@id\":\"https:\/\/spostrowki.gminawohyn.pl\/?page_id=27#primaryimage\"},\"image\":{\"@id\":\"https:\/\/spostrowki.gminawohyn.pl\/?page_id=27#primaryimage\"},\"thumbnailUrl\":\"https:\/\/spostrowki.gminawohyn.pl\/wp-content\/uploads\/2023\/09\/Ostrowki.jpg\",\"datePublished\":\"2023-09-18T18:52:25+00:00\",\"dateModified\":\"2023-09-19T16:13:12+00:00\",\"breadcrumb\":{\"@id\":\"https:\/\/spostrowki.gminawohyn.pl\/?page_id=27#breadcrumb\"},\"inLanguage\":\"pl-PL\",\"potentialAction\":[{\"@type\":\"ReadAction\",\"target\":[\"https:\/\/spostrowki.gminawohyn.pl\/?page_id=27\"]}]},{\"@type\":\"ImageObject\",\"inLanguage\":\"pl-PL\",\"@id\":\"https:\/\/spostrowki.gminawohyn.pl\/?page_id=27#primaryimage\",\"url\":\"https:\/\/spostrowki.gminawohyn.pl\/wp-content\/uploads\/2023\/09\/Ostrowki.jpg\",\"contentUrl\":\"https:\/\/spostrowki.gminawohyn.pl\/wp-content\/uploads\/2023\/09\/Ostrowki.jpg\",\"width\":667,\"height\":284},{\"@type\":\"BreadcrumbList\",\"@id\":\"https:\/\/spostrowki.gminawohyn.pl\/?page_id=27#breadcrumb\",\"itemListElement\":[{\"@type\":\"ListItem\",\"position\":1,\"name\":\"Home\",\"item\":\"https:\/\/spostrowki.gminawohyn.pl\/\"},{\"@type\":\"ListItem\",\"position\":2,\"name\":\"Witajcie w naszej szkole\"}]},{\"@type\":\"WebSite\",\"@id\":\"https:\/\/spostrowki.gminawohyn.pl\/#website\",\"url\":\"https:\/\/spostrowki.gminawohyn.pl\/\",\"name\":\"Szko\u0142a Podstawowa w Ostr\u00f3wkach\",\"description\":\"Szko\u0142a Podstawowa w Ostr\u00f3wkach\",\"potentialAction\":[{\"@type\":\"SearchAction\",\"target\":{\"@type\":\"EntryPoint\",\"urlTemplate\":\"https:\/\/spostrowki.gminawohyn.pl\/?s={search_term_string}\"},\"query-input\":\"required name=search_term_string\"}],\"inLanguage\":\"pl-PL\"}]}<\/script>\n<!-- \/ Yoast SEO plugin. -->","yoast_head_json":{"title":"Witajcie w naszej szkole - Szko\u0142a Podstawowa w Ostr\u00f3wkach","robots":{"index":"index","follow":"follow","max-snippet":"max-snippet:-1","max-image-preview":"max-image-preview:large","max-video-preview":"max-video-preview:-1"},"canonical":"https:\/\/spostrowki.gminawohyn.pl\/?page_id=27","og_locale":"pl_PL","og_type":"article","og_title":"Witajcie w naszej szkole - Szko\u0142a Podstawowa w Ostr\u00f3wkach","og_url":"https:\/\/spostrowki.gminawohyn.pl\/?page_id=27","og_site_name":"Szko\u0142a Podstawowa w Ostr\u00f3wkach","article_modified_time":"2023-09-19T16:13:12+00:00","og_image":[{"url":"https:\/\/spostrowki.gminawohyn.pl\/wp-content\/uploads\/2023\/09\/Ostrowki.jpg"}],"twitter_card":"summary_large_image","schema":{"@context":"https:\/\/schema.org","@graph":[{"@type":"WebPage","@id":"https:\/\/spostrowki.gminawohyn.pl\/?page_id=27","url":"https:\/\/spostrowki.gminawohyn.pl\/?page_id=27","name":"Witajcie w naszej szkole - Szko\u0142a Podstawowa w Ostr\u00f3wkach","isPartOf":{"@id":"https:\/\/spostrowki.gminawohyn.pl\/#website"},"primaryImageOfPage":{"@id":"https:\/\/spostrowki.gminawohyn.pl\/?page_id=27#primaryimage"},"image":{"@id":"https:\/\/spostrowki.gminawohyn.pl\/?page_id=27#primaryimage"},"thumbnailUrl":"https:\/\/spostrowki.gminawohyn.pl\/wp-content\/uploads\/2023\/09\/Ostrowki.jpg","datePublished":"2023-09-18T18:52:25+00:00","dateModified":"2023-09-19T16:13:12+00:00","breadcrumb":{"@id":"https:\/\/spostrowki.gminawohyn.pl\/?page_id=27#breadcrumb"},"inLanguage":"pl-PL","potentialAction":[{"@type":"ReadAction","target":["https:\/\/spostrowki.gminawohyn.pl\/?page_id=27"]}]},{"@type":"ImageObject","inLanguage":"pl-PL","@id":"https:\/\/spostrowki.gminawohyn.pl\/?page_id=27#primaryimage","url":"https:\/\/spostrowki.gminawohyn.pl\/wp-content\/uploads\/2023\/09\/Ostrowki.jpg","contentUrl":"https:\/\/spostrowki.gminawohyn.pl\/wp-content\/uploads\/2023\/09\/Ostrowki.jpg","width":667,"height":284},{"@type":"BreadcrumbList","@id":"https:\/\/spostrowki.gminawohyn.pl\/?page_id=27#breadcrumb","itemListElement":[{"@type":"ListItem","position":1,"name":"Home","item":"https:\/\/spostrowki.gminawohyn.pl\/"},{"@type":"ListItem","position":2,"name":"Witajcie w naszej szkole"}]},{"@type":"WebSite","@id":"https:\/\/spostrowki.gminawohyn.pl\/#website","url":"https:\/\/spostrowki.gminawohyn.pl\/","name":"Szko\u0142a Podstawowa w Ostr\u00f3wkach","description":"Szko\u0142a Podstawowa w Ostr\u00f3wkach","potentialAction":[{"@type":"SearchAction","target":{"@type":"EntryPoint","urlTemplate":"https:\/\/spostrowki.gminawohyn.pl\/?s={search_term_string}"},"query-input":"required name=search_term_string"}],"inLanguage":"pl-PL"}]}},"_links":{"self":[{"href":"https:\/\/spostrowki.gminawohyn.pl\/index.php?rest_route=\/wp\/v2\/pages\/27","targetHints":{"allow":["GET"]}}],"collection":[{"href":"https:\/\/spostrowki.gminawohyn.pl\/index.php?rest_route=\/wp\/v2\/pages"}],"about":[{"href":"https:\/\/spostrowki.gminawohyn.pl\/index.php?rest_route=\/wp\/v2\/types\/page"}],"author":[{"embeddable":true,"href":"https:\/\/spostrowki.gminawohyn.pl\/index.php?rest_route=\/wp\/v2\/users\/2"}],"replies":[{"embeddable":true,"href":"https:\/\/spostrowki.gminawohyn.pl\/index.php?rest_route=%2Fwp%2Fv2%2Fcomments&post=27"}],"version-history":[{"count":7,"href":"https:\/\/spostrowki.gminawohyn.pl\/index.php?rest_route=\/wp\/v2\/pages\/27\/revisions"}],"predecessor-version":[{"id":1700,"href":"https:\/\/spostrowki.gminawohyn.pl\/index.php?rest_route=\/wp\/v2\/pages\/27\/revisions\/1700"}],"wp:attachment":[{"href":"https:\/\/spostrowki.gminawohyn.pl\/index.php?rest_route=%2Fwp%2Fv2%2Fmedia&parent=27"}],"curies":[{"name":"wp","href":"https:\/\/api.w.org\/{rel}","templated":true}]}}